{"id":36,"date":"2025-07-09T19:52:46","date_gmt":"2025-07-09T19:52:46","guid":{"rendered":"https:\/\/defensoria.robertoruz.com\/?page_id=36"},"modified":"2025-09-17T18:19:01","modified_gmt":"2025-09-17T18:19:01","slug":"contact","status":"publish","type":"page","link":"https:\/\/defensoria.robertoruz.com\/index.php\/contact\/","title":{"rendered":"Contacto"},"content":{"rendered":"<p>[et_pb_section fb_built=&#8221;1&#8243; admin_label=&#8221;Header&#8221; _builder_version=&#8221;4.27.4&#8243; _module_preset=&#8221;default&#8221; background_color=&#8221;#8220f9&#8243; min_height=&#8221;688.7px&#8221; custom_padding=&#8221;||164px|||&#8221; collapsed=&#8221;on&#8221; global_colors_info=&#8221;{}&#8221;][et_pb_row _builder_version=&#8221;4.27.4&#8243; _module_preset=&#8221;default&#8221; custom_margin=&#8221;|auto|-105px|auto||&#8221; custom_padding=&#8221;5px||38px|||&#8221; global_colors_info=&#8221;{}&#8221;][et_pb_column type=&#8221;4_4&#8243; _builder_version=&#8221;4.27.4&#8243; _module_preset=&#8221;default&#8221; global_colors_info=&#8221;{}&#8221;][et_pb_text _builder_version=&#8221;4.27.4&#8243; _module_preset=&#8221;default&#8221; global_colors_info=&#8221;{}&#8221;]<\/p>\n<div class=\"et_pb_module et_pb_heading et_pb_heading_0 et_pb_bg_layout_\">\n<div class=\"et_pb_heading_container\">\n<h1 class=\"et_pb_module_heading\"><span style=\"color: #ffffff;\">Contacto<\/span><\/h1>\n<\/div>\n<\/div>\n<div class=\"et_pb_module et_pb_text et_pb_text_0  et_pb_text_align_left et_pb_bg_layout_light\">\n<div class=\"et_pb_text_inner\"><\/div>\n<\/div>\n<p>[\/et_pb_text][et_pb_text _builder_version=&#8221;4.27.4&#8243; _module_preset=&#8221;default&#8221; custom_padding=&#8221;31px|||||&#8221; global_colors_info=&#8221;{}&#8221;]<\/p>\n<p><span style=\"color: #ffffff;\"><strong>Estamos para ayudarte. <\/strong><\/span><\/p>\n<p><span style=\"color: #ffffff;\"><strong>Si necesitas m\u00e1s informaci\u00f3n o asistencia, escr\u00edbenos:\u00a0<br \/><span style=\"color: #f9f9f9;\"><a href=\"mailto:contacto@robertoruz.com\" style=\"color: #f9f9f9;\"><\/a><\/span><\/strong><\/span><\/p>\n<p><span style=\"color: #ffffff;\"><strong><span style=\"color: #f9f9f9;\"><a href=\"mailto:contacto@robertoruz.com\" style=\"color: #f9f9f9;\">info@elviaderechos.com<\/a><\/span><\/strong><\/span><\/p>\n<p><span style=\"color: #ffffff;\"><strong><\/strong><\/span><\/p>\n<p><span style=\"color: #ffffff;\"><strong><\/strong><\/span><\/p>\n<p><span style=\"color: #ffffff;\"><strong><\/strong><\/span><\/p>\n<p><span style=\"color: #ffffff;\"><strong><\/strong><\/span><\/p>\n<p>[\/et_pb_text][\/et_pb_column][\/et_pb_row][\/et_pb_section]<\/p>\n","protected":false},"excerpt":{"rendered":"<p>Contacto Estamos para ayudarte. Si necesitas m\u00e1s informaci\u00f3n o asistencia, escr\u00edbenos:\u00a0 info@elviaderechos.com<\/p>\n","protected":false},"author":1,"featured_media":0,"parent":0,"menu_order":0,"comment_status":"closed","ping_status":"closed","template":"","meta":{"_et_pb_use_builder":"on","_et_pb_old_content":"","_et_gb_content_width":"","footnotes":""},"class_list":["post-36","page","type-page","status-publish","hentry"],"_links":{"self":[{"href":"https:\/\/defensoria.robertoruz.com\/index.php\/wp-json\/wp\/v2\/pages\/36","targetHints":{"allow":["GET"]}}],"collection":[{"href":"https:\/\/defensoria.robertoruz.com\/index.php\/wp-json\/wp\/v2\/pages"}],"about":[{"href":"https:\/\/defensoria.robertoruz.com\/index.php\/wp-json\/wp\/v2\/types\/page"}],"author":[{"embeddable":true,"href":"https:\/\/defensoria.robertoruz.com\/index.php\/wp-json\/wp\/v2\/users\/1"}],"replies":[{"embeddable":true,"href":"https:\/\/defensoria.robertoruz.com\/index.php\/wp-json\/wp\/v2\/comments?post=36"}],"version-history":[{"count":20,"href":"https:\/\/defensoria.robertoruz.com\/index.php\/wp-json\/wp\/v2\/pages\/36\/revisions"}],"predecessor-version":[{"id":410,"href":"https:\/\/defensoria.robertoruz.com\/index.php\/wp-json\/wp\/v2\/pages\/36\/revisions\/410"}],"wp:attachment":[{"href":"https:\/\/defensoria.robertoruz.com\/index.php\/wp-json\/wp\/v2\/media?parent=36"}],"curies":[{"name":"wp","href":"https:\/\/api.w.org\/{rel}","templated":true}]}}