{"id":34,"date":"2025-07-09T19:52:46","date_gmt":"2025-07-09T19:52:46","guid":{"rendered":"https:\/\/defensoria.robertoruz.com\/?page_id=34"},"modified":"2025-07-13T23:49:15","modified_gmt":"2025-07-13T23:49:15","slug":"about","status":"publish","type":"page","link":"https:\/\/defensoria.robertoruz.com\/index.php\/about\/","title":{"rendered":"Acerca de"},"content":{"rendered":"<p>[et_pb_section fb_built=&#8221;1&#8243; admin_label=&#8221;Header&#8221; _builder_version=&#8221;4.27.4&#8243; _module_preset=&#8221;b1a0a427-ec6a-4693-a027-5fb8c5a01c86&#8243; background_color_gradient_stops=&#8221;rgba(255,255,255,0) 0%|gcid-primary-color 68%&#8221; background_enable_image=&#8221;off&#8221; locked=&#8221;off&#8221; collapsed=&#8221;on&#8221; global_colors_info=&#8221;{%22gcid-primary-color%22:%91%22background_color_gradient_stops%22%93,%22gcid-418b12f9-aa57-4c8b-9c96-767bd18a7686%22:%91%22background_color_gradient_stops%22%93}&#8221;][et_pb_row _builder_version=&#8221;4.27.4&#8243; _module_preset=&#8221;default&#8221; global_colors_info=&#8221;{}&#8221; custom_padding=&#8221;3px|||||&#8221;][et_pb_column type=&#8221;4_4&#8243; _builder_version=&#8221;4.27.4&#8243; _module_preset=&#8221;default&#8221; global_colors_info=&#8221;{}&#8221;][et_pb_heading title=&#8221;Acerca del proyecto&#8221; _builder_version=&#8221;4.27.4&#8243; _module_preset=&#8221;7f01cdaa-9ab5-416e-82f0-05f8d604c7d7&#8243; title_text_color=&#8221;#FFFFFF&#8221; global_colors_info=&#8221;{}&#8221;][\/et_pb_heading][et_pb_text _builder_version=&#8221;4.27.4&#8243; _module_preset=&#8221;a6531986-c94c-41af-9842-c7e06e8561fb&#8221; global_colors_info=&#8221;{}&#8221;]<\/p>\n<p data-start=\"251\" data-end=\"677\">La <strong data-start=\"251\" data-end=\"283\">Defensor\u00eda Ciudadana IA Yucat\u00e1n<\/strong> tiene el objetivo de acercar la<strong> orientaci\u00f3n jur\u00eddica en materia de derechos pol\u00edtico-electorales<\/strong> a la ciudadan\u00eda del estado de Yucat\u00e1n, M\u00e9xico. Es un proyecto digital desarrollado por el consejero electoral Roberto Ruz, la abogada Marisol Godoy y el periodista Javier Escalante, que colaboran en el <em>Instituto Electoral y de Participaci\u00f3n Ciudadana de Yucat\u00e1n (IEPAC). <\/em>La iniciativa se encuentra en <strong>revisi\u00f3n<\/strong> por parte de especialistas nacionales y ONGs locales.<\/p>\n<p data-start=\"679\" data-end=\"980\">A trav\u00e9s de un asistente conversacional especializado, las personas pueden obtener informaci\u00f3n clara, sencilla y pr\u00e1ctica sobre c\u00f3mo defender su derecho a votar, ser votadas, ejercer un cargo p\u00fablico sin discriminaci\u00f3n, as\u00ed como presentar quejas, recursos o denuncias ante las autoridades competentes.<\/p>\n<p data-start=\"982\" data-end=\"1125\">Este asistente est\u00e1 dise\u00f1ado con base en las leyes locales y federales, as\u00ed como en criterios y sentencias relevantes, y tiene el prop\u00f3sito de:<\/p>\n<ul data-start=\"1126\" data-end=\"1681\">\n<li data-start=\"1126\" data-end=\"1261\">\n<p data-start=\"1128\" data-end=\"1261\">Explicar procedimientos y plazos para interponer medios de impugnaci\u00f3n o juicios para la protecci\u00f3n de derechos pol\u00edtico-electorales.<\/p>\n<\/li>\n<li data-start=\"1262\" data-end=\"1321\">\n<p data-start=\"1264\" data-end=\"1321\">Ofrecer ejemplos y modelos b\u00e1sicos de escritos iniciales.<\/p>\n<\/li>\n<li data-start=\"1322\" data-end=\"1550\">\n<p data-start=\"1324\" data-end=\"1550\">Orientar sobre las instituciones competentes, con contactos verificados, direcciones f\u00edsicas con enlaces a mapas, correos electr\u00f3nicos y tel\u00e9fonos especializados.<\/p>\n<\/li>\n<li data-start=\"1551\" data-end=\"1681\">\n<p data-start=\"1553\" data-end=\"1681\">Promover el ejercicio de los derechos pol\u00edtico-electorales de manera informada, en igualdad de condiciones y libre de violencia.<\/p>\n<\/li>\n<\/ul>\n<p data-start=\"1683\" data-end=\"1825\">Este proyecto busca contribuir a una ciudadan\u00eda m\u00e1s participativa, conocedora de sus derechos y capaz de exigir su respeto de manera efectiva.<\/p>\n<p>contacto@robertoruz.com<\/p>\n<p>[\/et_pb_text][\/et_pb_column][\/et_pb_row][\/et_pb_section]<\/p>\n","protected":false},"excerpt":{"rendered":"<p>La Defensor\u00eda Ciudadana IA Yucat\u00e1n tiene el objetivo de acercar la orientaci\u00f3n jur\u00eddica en materia de derechos pol\u00edtico-electorales a la ciudadan\u00eda del estado de Yucat\u00e1n, M\u00e9xico. Es un proyecto digital desarrollado por el consejero electoral Roberto Ruz, la abogada Marisol Godoy y el periodista Javier Escalante, que colaboran en el Instituto Electoral y de Participaci\u00f3n [&hellip;]<\/p>\n","protected":false},"author":1,"featured_media":0,"parent":0,"menu_order":0,"comment_status":"closed","ping_status":"closed","template":"","meta":{"_et_pb_use_builder":"on","_et_pb_old_content":"","_et_gb_content_width":"","footnotes":""},"class_list":["post-34","page","type-page","status-publish","hentry"],"_links":{"self":[{"href":"https:\/\/defensoria.robertoruz.com\/index.php\/wp-json\/wp\/v2\/pages\/34","targetHints":{"allow":["GET"]}}],"collection":[{"href":"https:\/\/defensoria.robertoruz.com\/index.php\/wp-json\/wp\/v2\/pages"}],"about":[{"href":"https:\/\/defensoria.robertoruz.com\/index.php\/wp-json\/wp\/v2\/types\/page"}],"author":[{"embeddable":true,"href":"https:\/\/defensoria.robertoruz.com\/index.php\/wp-json\/wp\/v2\/users\/1"}],"replies":[{"embeddable":true,"href":"https:\/\/defensoria.robertoruz.com\/index.php\/wp-json\/wp\/v2\/comments?post=34"}],"version-history":[{"count":12,"href":"https:\/\/defensoria.robertoruz.com\/index.php\/wp-json\/wp\/v2\/pages\/34\/revisions"}],"predecessor-version":[{"id":370,"href":"https:\/\/defensoria.robertoruz.com\/index.php\/wp-json\/wp\/v2\/pages\/34\/revisions\/370"}],"wp:attachment":[{"href":"https:\/\/defensoria.robertoruz.com\/index.php\/wp-json\/wp\/v2\/media?parent=34"}],"curies":[{"name":"wp","href":"https:\/\/api.w.org\/{rel}","templated":true}]}}