{"id":32,"date":"2025-07-09T19:52:46","date_gmt":"2025-07-09T19:52:46","guid":{"rendered":"https:\/\/defensoria.robertoruz.com\/?page_id=32"},"modified":"2025-08-27T14:39:12","modified_gmt":"2025-08-27T14:39:12","slug":"home","status":"publish","type":"page","link":"https:\/\/defensoria.robertoruz.com\/","title":{"rendered":"Asesor\u00eda en Derechos Pol\u00edticos"},"content":{"rendered":"<p>[et_pb_section fb_built=&#8221;1&#8243; custom_padding_last_edited=&#8221;on|tablet&#8221; admin_label=&#8221;Header&#8221; _builder_version=&#8221;4.27.4&#8243; _module_preset=&#8221;b1a0a427-ec6a-4693-a027-5fb8c5a01c86&#8243; background_color_gradient_stops=&#8221;rgba(255,255,255,0) 0%|gcid-primary-color 77%&#8221; background_enable_image=&#8221;off&#8221; parallax=&#8221;off&#8221; max_width_tablet=&#8221;&#8221; max_width_phone=&#8221;&#8221; max_width_last_edited=&#8221;on|tablet&#8221; min_height=&#8221;1295.5px&#8221; custom_margin=&#8221;||-549px|||&#8221; custom_padding=&#8221;0px||549px||false|false&#8221; custom_padding_tablet=&#8221;||32vw||false|false&#8221; custom_padding_phone=&#8221;4px||32vw||false|false&#8221; top_divider_height_tablet=&#8221;&#8221; top_divider_height_phone=&#8221;100px&#8221; top_divider_height_last_edited=&#8221;on|phone&#8221; locked=&#8221;off&#8221; collapsed=&#8221;on&#8221; global_colors_info=&#8221;{%22gcid-primary-color%22:%91%22background_color%22%93}&#8221;][et_pb_row custom_padding_last_edited=&#8221;on|phone&#8221; disabled_on=&#8221;off|off|off&#8221; _builder_version=&#8221;4.27.4&#8243; _module_preset=&#8221;default&#8221; width=&#8221;100%&#8221; max_width=&#8221;933px&#8221; min_height=&#8221;96.1px&#8221; custom_margin=&#8221;|auto|7px|auto|false|false&#8221; custom_margin_tablet=&#8221;|auto|7px|auto|false|false&#8221; custom_margin_phone=&#8221;11px||-57px||false|false&#8221; custom_margin_last_edited=&#8221;on|phone&#8221; custom_padding=&#8221;0px||0px||false|false&#8221; custom_padding_tablet=&#8221;0px||0px||false|false&#8221; custom_padding_phone=&#8221;23px||0px||false|false&#8221; global_colors_info=&#8221;{}&#8221;][et_pb_column type=&#8221;4_4&#8243; _builder_version=&#8221;4.27.4&#8243; _module_preset=&#8221;default&#8221; global_colors_info=&#8221;{}&#8221;][et_pb_heading _builder_version=&#8221;4.27.4&#8243; _module_preset=&#8221;7f01cdaa-9ab5-416e-82f0-05f8d604c7d7&#8243; title_text_align=&#8221;center&#8221; title_text_color=&#8221;#FFFFFF&#8221; min_height=&#8221;130.8px&#8221; custom_margin=&#8221;||32px|||&#8221; custom_margin_tablet=&#8221;||30px||false|false&#8221; custom_margin_phone=&#8221;-1px||-1px||true|false&#8221; custom_margin_last_edited=&#8221;on|tablet&#8221; custom_padding=&#8221;0px||1px|||&#8221; global_colors_info=&#8221;{}&#8221;][\/et_pb_heading][et_pb_heading title=&#8221;Te ayudo a proteger tus derechos pol\u00edtico-electorales en Yucat\u00e1n&#8221; _builder_version=&#8221;4.27.4&#8243; _module_preset=&#8221;default&#8221; title_text_align=&#8221;center&#8221; title_text_color=&#8221;#FFFFFF&#8221; width=&#8221;100%&#8221; max_width_tablet=&#8221;&#8221; max_width_phone=&#8221;100%&#8221; max_width_last_edited=&#8221;on|phone&#8221; min_height=&#8221;103.3px&#8221; custom_margin=&#8221;-140px|||||&#8221; custom_padding=&#8221;14px||0px|||&#8221; global_colors_info=&#8221;{}&#8221;][\/et_pb_heading][\/et_pb_column][\/et_pb_row][et_pb_row _builder_version=&#8221;4.27.4&#8243; _module_preset=&#8221;default&#8221; custom_margin=&#8221;-4px|auto||auto||&#8221; custom_margin_tablet=&#8221;-4px|auto||auto||&#8221; custom_margin_phone=&#8221;-34px||0px||false|false&#8221; custom_margin_last_edited=&#8221;on|phone&#8221; custom_padding=&#8221;1px||39px|||&#8221; hover_enabled=&#8221;0&#8243; global_colors_info=&#8221;{}&#8221; sticky_enabled=&#8221;0&#8243;][et_pb_column type=&#8221;4_4&#8243; _builder_version=&#8221;4.27.4&#8243; _module_preset=&#8221;default&#8221; global_colors_info=&#8221;{}&#8221;][et_pb_code _builder_version=&#8221;4.27.4&#8243; _module_preset=&#8221;default&#8221; text_orientation=&#8221;center&#8221; width=&#8221;100%&#8221; max_width=&#8221;100%&#8221; max_height=&#8221;1000px&#8221; custom_padding=&#8221;5px||0px|0px|false|false&#8221; hover_enabled=&#8221;0&#8243; global_colors_info=&#8221;{}&#8221; sticky_enabled=&#8221;0&#8243;]<iframe <!-- [et_pb_line_break_holder] -->    src=&#8221;https:\/\/www.openassistantgpt.io\/embed\/cmcthxq6e0005116gkr0a4abw\/window?chatbox=false&#8221;<!-- [et_pb_line_break_holder] -->    style=&#8221;overflow: hidden; height: 60vh; width: 1200px; bottom: -30px; border: 2px solid #e2e8f0; border-radius: 0.375rem; box-shadow: 0 4px 6px -1px rgba(0, 0, 0, 0.1), 0 2px 4px -1px rgba(0, 0, 0, 0.06);&#8221;<!-- [et_pb_line_break_holder] -->    allowfullscreen allow=&#8221;clipboard-read; clipboard-write&#8221; <!-- [et_pb_line_break_holder] -->><!-- [et_pb_line_break_holder] --><\/iframe><!-- [et_pb_line_break_holder] --> <!-- This chatbot is build using https:\/\/openassistantgpt.io\/ --><!-- [et_pb_line_break_holder] -->[\/et_pb_code][\/et_pb_column][\/et_pb_row][\/et_pb_section][et_pb_section fb_built=&#8221;1&#8243; _builder_version=&#8221;4.27.4&#8243; _module_preset=&#8221;default&#8221; custom_padding=&#8221;||32px|||&#8221; global_colors_info=&#8221;{}&#8221;][et_pb_row column_structure=&#8221;1_3,1_3,1_3&#8243; _builder_version=&#8221;4.27.4&#8243; _module_preset=&#8221;default&#8221; custom_padding=&#8221;16px|||||&#8221; global_colors_info=&#8221;{}&#8221;][et_pb_column type=&#8221;1_3&#8243; _builder_version=&#8221;4.27.4&#8243; _module_preset=&#8221;default&#8221; global_colors_info=&#8221;{}&#8221;][et_pb_icon font_icon=&#8221;&#xf3ed;||fa||900&#8243; _builder_version=&#8221;4.27.4&#8243; _module_preset=&#8221;default&#8221; global_colors_info=&#8221;{}&#8221;][\/et_pb_icon][et_pb_text _builder_version=&#8221;4.27.4&#8243; _module_preset=&#8221;default&#8221; global_colors_info=&#8221;{}&#8221;]<\/p>\n<p dir=\"ltr\" style=\"text-align: center;\"><strong><span style=\"font-size: large;\">Conoce c\u00f3mo defender tus derechos<\/span><\/strong><\/p>\n<p>[\/et_pb_text][et_pb_text _builder_version=&#8221;4.27.4&#8243; _module_preset=&#8221;default&#8221; global_colors_info=&#8221;{}&#8221;]<\/p>\n<p dir=\"ltr\"><span>La AsesorIA en Derechos Pol\u00edticos es un espacio de orientaci\u00f3n gratuita para ayudarte a ejercer tus derechos pol\u00edticos-electorales. Si te han excluido, discriminado, violentado o no sabes por d\u00f3nde empezar, aqu\u00ed encuentras respuestas claras y acompa\u00f1amiento.\u00a0<\/span><\/p>\n<p>[\/et_pb_text][\/et_pb_column][et_pb_column type=&#8221;1_3&#8243; _builder_version=&#8221;4.27.4&#8243; _module_preset=&#8221;default&#8221; global_colors_info=&#8221;{}&#8221;][et_pb_icon font_icon=&#8221;&#xf007;||fa||900&#8243; _builder_version=&#8221;4.27.4&#8243; _module_preset=&#8221;default&#8221; global_colors_info=&#8221;{}&#8221;][\/et_pb_icon][et_pb_text _builder_version=&#8221;4.27.4&#8243; _module_preset=&#8221;default&#8221; global_colors_info=&#8221;{}&#8221;]<\/p>\n<p dir=\"ltr\" style=\"text-align: center;\"><strong><span style=\"font-size: large;\">Tu participaci\u00f3n pol\u00edtico-electoral<\/span><\/strong><\/p>\n<p>[\/et_pb_text][et_pb_text _builder_version=&#8221;4.27.4&#8243; _module_preset=&#8221;default&#8221; global_colors_info=&#8221;{}&#8221;]<\/p>\n<p dir=\"ltr\"><span>Personas ind\u00edgenas, con discapacidad, de la comunidad LGBTIQ+, juventudes, mujeres y m\u00e1s. Esta defensor\u00eda pone al centro a sectores que hist\u00f3ricamente han sido marginados de las decisiones pol\u00edticas. Aqu\u00ed tu derecho a participar importa.\u00a0<\/span><\/p>\n<p>[\/et_pb_text][\/et_pb_column][et_pb_column type=&#8221;1_3&#8243; _builder_version=&#8221;4.27.4&#8243; _module_preset=&#8221;default&#8221; global_colors_info=&#8221;{}&#8221;][et_pb_icon font_icon=&#8221;&#xf24e;||fa||900&#8243; _builder_version=&#8221;4.27.4&#8243; _module_preset=&#8221;default&#8221; global_colors_info=&#8221;{}&#8221;][\/et_pb_icon][et_pb_text _builder_version=&#8221;4.27.4&#8243; _module_preset=&#8221;default&#8221; global_colors_info=&#8221;{}&#8221;]<\/p>\n<p style=\"text-align: center;\"><strong><span style=\"font-size: large;\">Ampliar el acceso a la justicia<\/span><\/strong><\/p>\n<p>[\/et_pb_text][et_pb_text _builder_version=&#8221;4.27.4&#8243; _module_preset=&#8221;default&#8221; global_colors_info=&#8221;{}&#8221;]<\/p>\n<p><span>Con el chatbot puedes hacer desde una consulta r\u00e1pida hasta generar un documento para presentar una denuncia. Si te negaron un registro, viviste violencia pol\u00edtica o tu comunidad fue excluida, aqu\u00ed encuentras orientaci\u00f3n clara y sin complicaciones. <\/span><\/p>\n<p>[\/et_pb_text][\/et_pb_column][\/et_pb_row][\/et_pb_section]<\/p>\n","protected":false},"excerpt":{"rendered":"<p>Conoce c\u00f3mo defender tus derechosLa AsesorIA en Derechos Pol\u00edticos es un espacio de orientaci\u00f3n gratuita para ayudarte a ejercer tus derechos pol\u00edticos-electorales. Si te han excluido, discriminado, violentado o no sabes por d\u00f3nde empezar, aqu\u00ed encuentras respuestas claras y acompa\u00f1amiento.\u00a0Tu participaci\u00f3n pol\u00edtico-electoralPersonas ind\u00edgenas, con discapacidad, de la comunidad LGBTIQ+, juventudes, mujeres y m\u00e1s. Esta defensor\u00eda [&hellip;]<\/p>\n","protected":false},"author":1,"featured_media":392,"parent":0,"menu_order":0,"comment_status":"closed","ping_status":"closed","template":"","meta":{"_et_pb_use_builder":"on","_et_pb_old_content":"","_et_gb_content_width":"","footnotes":""},"class_list":["post-32","page","type-page","status-publish","has-post-thumbnail","hentry"],"_links":{"self":[{"href":"https:\/\/defensoria.robertoruz.com\/index.php\/wp-json\/wp\/v2\/pages\/32","targetHints":{"allow":["GET"]}}],"collection":[{"href":"https:\/\/defensoria.robertoruz.com\/index.php\/wp-json\/wp\/v2\/pages"}],"about":[{"href":"https:\/\/defensoria.robertoruz.com\/index.php\/wp-json\/wp\/v2\/types\/page"}],"author":[{"embeddable":true,"href":"https:\/\/defensoria.robertoruz.com\/index.php\/wp-json\/wp\/v2\/users\/1"}],"replies":[{"embeddable":true,"href":"https:\/\/defensoria.robertoruz.com\/index.php\/wp-json\/wp\/v2\/comments?post=32"}],"version-history":[{"count":109,"href":"https:\/\/defensoria.robertoruz.com\/index.php\/wp-json\/wp\/v2\/pages\/32\/revisions"}],"predecessor-version":[{"id":404,"href":"https:\/\/defensoria.robertoruz.com\/index.php\/wp-json\/wp\/v2\/pages\/32\/revisions\/404"}],"wp:featuredmedia":[{"embeddable":true,"href":"https:\/\/defensoria.robertoruz.com\/index.php\/wp-json\/wp\/v2\/media\/392"}],"wp:attachment":[{"href":"https:\/\/defensoria.robertoruz.com\/index.php\/wp-json\/wp\/v2\/media?parent=32"}],"curies":[{"name":"wp","href":"https:\/\/api.w.org\/{rel}","templated":true}]}}